{"id":6614,"date":"2023-05-18T11:24:36","date_gmt":"2023-05-18T11:24:36","guid":{"rendered":"https:\/\/www.uspora-penou.cz\/?page_id=6614"},"modified":"2023-05-18T13:00:48","modified_gmt":"2023-05-18T13:00:48","slug":"kalkulacka-test","status":"publish","type":"page","link":"https:\/\/www.uspora-penou.cz\/de\/kalkulacka-test\/","title":{"rendered":"kalkulacka test"},"content":{"rendered":"<div class=\"wpb-content-wrapper\"><p>[vc_row][vc_column][vc_empty_space][\/vc_column][\/vc_row][vc_row][vc_column css=&#8221;.vc_custom_1684414799151{padding-right: 30px !important;padding-left: 30px !important;}&#8221; offset=&#8221;vc_hidden-lg vc_hidden-md&#8221;][vc_column_text]<\/p>\n<p style=\"text-align: justify;\">N\u00ed\u017ee vypo\u010d\u00edtan\u00e1 odhad \u00faspory vych\u00e1z\u00ed ze zp\u011btn\u00e9 vazby od na\u0161ich spokojen\u00fdch z\u00e1kazn\u00edk\u016f. Spo\u010d\u00edtejte si svoji mo\u017enou \u00fasporu podle tabulky n\u00ed\u017ee.<\/p>\n<p>[\/vc_column_text][\/vc_column][\/vc_row][vc_row][vc_column css=&#8221;.vc_custom_1684414808727{padding-right: 30px !important;padding-left: 30px !important;}&#8221; offset=&#8221;vc_hidden-sm vc_hidden-xs&#8221;][vc_column_text]<\/p>\n<p style=\"text-align: center;\">N\u00ed\u017ee vypo\u010d\u00edtan\u00e1 odhad \u00faspory vych\u00e1z\u00ed ze zp\u011btn\u00e9 vazby od na\u0161ich spokojen\u00fdch z\u00e1kazn\u00edk\u016f.<br \/>\nSpo\u010d\u00edtejte si svoji mo\u017enou \u00fasporu podle tabulky n\u00ed\u017ee.<\/p>\n<p>[\/vc_column_text][\/vc_column][\/vc_row][vc_row][vc_column][vc_raw_html]JTNDJTIxLS0lMjBIVE1MJTIwayVDMyVCM2QlMjAtLSUzRSUwQSUzQ3N0eWxlJTNFJTBBJTIwJTIwLmNhbGN1bGF0b3ItY29udGFpbmVyJTIwJTdCJTBBJTIwJTIwJTIwJTIwdGV4dC1hbGlnbiUzQSUyMGNlbnRlciUzQiUwQSUyMCUyMCU3RCUwQSUwQSUyMCUyMC5mb3JtLWdyb3VwJTIwJTdCJTBBJTIwJTIwJTIwJTIwbWFyZ2luLWJvdHRvbSUzQSUyMDEwcHglM0IlMEElMjAlMjAlMjAlMjB0ZXh0LWFsaWduJTNBJTIwY2VudGVyJTNCJTBBJTIwJTIwJTdEJTBBJTBBJTIwJTIwbGFiZWwlMjAlN0IlMEElMjAlMjAlMjAlMjBkaXNwbGF5JTNBJTIwYmxvY2slM0IlMEElMjAlMjAlMjAlMjBtYXJnaW4tYm90dG9tJTNBJTIwNXB4JTNCJTBBJTIwJTIwJTIwJTIwZm9udC13ZWlnaHQlM0ElMjBib2xkJTNCJTBBJTIwJTIwJTIwJTIwdGV4dC1hbGlnbiUzQSUyMGNlbnRlciUzQiUwQSUyMCUyMCU3RCUwQSUwQSUyMCUyMGlucHV0JTVCdHlwZSUzRCUyMm51bWJlciUyMiU1RCUyQyUwQSUyMCUyMHNlbGVjdCUyMCU3QiUwQSUyMCUyMCUyMCUyMHBhZGRpbmclM0ElMjA1cHglM0IlMEElMjAlMjAlMjAlMjBmb250LXNpemUlM0ElMjAxNnB4JTNCJTBBJTIwJTIwJTIwJTIwd2lkdGglM0ElMjAyMDBweCUzQiUwQSUyMCUyMCUyMCUyMHRleHQtYWxpZ24lM0ElMjBjZW50ZXIlM0IlMEElMjAlMjAlN0QlMEElMEElMjAlMjBidXR0b24lMjAlN0IlMEElMjAlMjAlMjAlMjBwYWRkaW5nJTNBJTIwMTBweCUyMDIwcHglM0IlMEElMjAlMjAlMjAlMjBmb250LXNpemUlM0ElMjAxNnB4JTNCJTBBJTIwJTIwJTIwJTIwYmFja2dyb3VuZC1jb2xvciUzQSUyMCUyMzAwNzEyQSUzQiUwQSUyMCUyMCUyMCUyMGNvbG9yJTNBJTIwd2hpdGUlM0IlMEElMjAlMjAlMjAlMjBib3JkZXIlM0ElMjBub25lJTNCJTBBJTIwJTIwJTIwJTIwY3Vyc29yJTNBJTIwcG9pbnRlciUzQiUwQSUyMCUyMCU3RCUwQSUwQSUyMCUyMCUyM3NhdmluZ3NSZXN1bHQlMjAlN0IlMEElMjAlMjAlMjAlMjBtYXJnaW4tdG9wJTNBJTIwMjBweCUzQiUwQSUyMCUyMCUyMCUyMHRleHQtYWxpZ24lM0ElMjBjZW50ZXIlM0IlMEElMjAlMjAlN0QlMEElMEElMjAlMjAuc2F2aW5ncy10ZXh0JTIwJTdCJTBBJTIwJTIwJTIwJTIwZm9udC13ZWlnaHQlM0ElMjBib2xkJTNCJTBBJTIwJTIwJTIwJTIwZm9udC1zaXplJTNBJTIwMTlweCUzQiUwQSUyMCUyMCUyMCUyMG1hcmdpbi1ib3R0b20lM0ElMjAxNXB4JTNCJTBBJTIwJTIwJTdEJTBBJTBBJTIwJTIwLnNhdmluZ3MtdmFsdWUlMjAlN0IlMEElMjAlMjAlMjAlMjBmb250LXdlaWdodCUzQSUyMGJvbGQlM0IlMEElMjAlMjAlMjAlMjBmb250LXNpemUlM0ElMjAyMnB4JTNCJTBBJTIwJTIwJTdEJTBBJTNDJTJGc3R5bGUlM0UlMEElMEElM0NkaXYlMjBjbGFzcyUzRCUyMmNhbGN1bGF0b3ItY29udGFpbmVyJTIyJTNFJTBBJTIwJTIwJTNDZGl2JTIwY2xhc3MlM0QlMjJmb3JtLWdyb3VwJTIyJTNFJTBBJTIwJTIwJTIwJTIwJTNDbGFiZWwlMjBmb3IlM0QlMjJtb250aGx5UGF5bWVudHMlMjIlM0VaYWRlanRlJTIwa29saWslMjBwbGF0JUMzJUFEdGUlMjBtJUM0JTlCcyVDMyVBRCVDNCU4RG4lQzMlQUQlMjB6JUMzJUExbG9oeSUyMHphJTIwdnl0JUMzJUExcCVDNCU5Qm4lQzMlQUQlM0ElM0MlMkZsYWJlbCUzRSUwQSUyMCUyMCUyMCUyMCUzQ2lucHV0JTIwdHlwZSUzRCUyMm51bWJlciUyMiUyMGlkJTNEJTIybW9udGhseVBheW1lbnRzJTIyJTIwcGxhY2Vob2xkZXIlM0QlMjIlQzQlOEMlQzMlQTFzdGthJTIwdiUyMEslQzQlOEQlMjIlMjBzdGVwJTNEJTIyYW55JTIyJTNFJTBBJTIwJTIwJTNDJTJGZGl2JTNFJTBBJTIwJTIwJTNDZGl2JTIwY2xhc3MlM0QlMjJmb3JtLWdyb3VwJTIyJTNFJTBBJTIwJTIwJTIwJTIwJTNDbGFiZWwlMjBmb3IlM0QlMjJpbnN1bGF0aW9uVGhpY2tuZXNzJTIyJTNFVnl6a291JUM1JUExZWp0ZSUyMHIlQzUlQUZ6biVDMyVBOSUyMHRsb3UlQzUlQTElQzUlQTVreSUyMG0lQzQlOUJrayVDMyVBOSUyMGl6b2xhJUM0JThEbiVDMyVBRCUyMHAlQzQlOUJueSUzQSUzQyUyRmxhYmVsJTNFJTBBJTIwJTIwJTIwJTIwJTNDc2VsZWN0JTIwaWQlM0QlMjJpbnN1bGF0aW9uVGhpY2tuZXNzJTIyJTNFJTBBJTIwJTIwJTIwJTIwJTIwJTIwJTNDb3B0aW9uJTIwdmFsdWUlM0QlMjIxNSUyMiUzRTE1JTIwY20lM0MlMkZvcHRpb24lM0UlMEElMjAlMjAlMjAlMjAlMjAlMjAlM0NvcHRpb24lMjB2YWx1ZSUzRCUyMjIwJTIyJTNFMjAlMjBjbSUzQyUyRm9wdGlvbiUzRSUwQSUyMCUyMCUyMCUyMCUyMCUyMCUzQ29wdGlvbiUyMHZhbHVlJTNEJTIyMjUlMjIlM0UyNSUyMGNtJTNDJTJGb3B0aW9uJTNFJTBBJTIwJTIwJTIwJTIwJTIwJTIwJTNDb3B0aW9uJTIwdmFsdWUlM0QlMjIzMCUyMiUzRTMwJTIwY20lM0MlMkZvcHRpb24lM0UlMEElMjAlMjAlMjAlMjAlM0MlMkZzZWxlY3QlM0UlMEElMjAlMjAlM0MlMkZkaXYlM0UlMEElMjAlMjAlM0NidXR0b24lMjBvbmNsaWNrJTNEJTIyY2FsY3VsYXRlU2F2aW5ncyUyOCUyOSUyMiUzRVNwbyVDNCU4RCVDMyVBRHRhdCUyMCVDMyVCQXNwb3J1JTNDJTJGYnV0dG9uJTNFJTBBJTIwJTIwJTNDZGl2JTIwaWQlM0QlMjJzYXZpbmdzUmVzdWx0JTIyJTNFJTBBJTIwJTIwJTIwJTIwJTNDcCUyMGNsYXNzJTNEJTIyc2F2aW5ncy10ZXh0JTIyJTNFJUMzJTlBc3BvcmElMjB6YSUyMGVuZXJnaWUlMjBtJUM0JTlCcyVDMyVBRCVDNCU4RG4lQzQlOUIlM0ElM0MlMkZwJTNFJTBBJTIwJTIwJTIwJTIwJTNDcCUyMGlkJTNEJTIybW9udGhseVNhdmluZ3MlMjIlMjBjbGFzcyUzRCUyMnNhdmluZ3MtdmFsdWUlMjIlM0UlM0MlMkZwJTNFJTBBJTIwJTIwJTIwJTIwJTNDcCUyMGNsYXNzJTNEJTIyc2F2aW5ncy10ZXh0JTIyJTNFJUMzJTlBc3BvcmElMjB6YSUyMGVuZXJnaWUlMjBybyVDNCU4RG4lQzQlOUIlM0ElM0MlMkZwJTNFJTBBJTIwJTIwJTIwJTIwJTNDcCUyMGlkJTNEJTIyeWVhcmx5U2F2aW5ncyUyMiUyMGNsYXNzJTNEJTIyc2F2aW5ncy12YWx1ZSUyMiUzRSUzQyUyRnAlM0UlMEElMjAlMjAlM0MlMkZkaXYlM0UlMEElM0MlMkZkaXYlM0UlMEElMEElM0NzY3JpcHQlM0UlMEElMjAlMjBmdW5jdGlvbiUyMGNhbGN1bGF0ZVNhdmluZ3MlMjglMjklMjAlN0IlMEElMjAlMjAlMjAlMjBjb25zdCUyMG1vbnRobHlQYXltZW50cyUyMCUzRCUyMGRvY3VtZW50LmdldEVsZW1lbnRCeUlkJTI4JTIybW9udGhseVBheW1lbnRzJTIyJTI5LnZhbHVlJTNCJTBBJTIwJTIwJTIwJTIwY29uc3QlMjBpbnN1bGF0aW9uVGhpY2tuZXNzJTIwJTNEJTIwZG9jdW1lbnQuZ2V0RWxlbWVudEJ5SWQlMjglMjJpbnN1bGF0aW9uVGhpY2tuZXNzJTIyJTI5LnZhbHVlJTNCJTBBJTBBJTIwJTIwJTIwJTIwbGV0JTIwc2F2aW5nc1BlcmNlbnRhZ2UlMjAlM0QlMjAwJTNCJTBBJTIwJTIwJTIwJTIwaWYlMjAlMjhpbnN1bGF0aW9uVGhpY2tuZXNzJTIwJTNEJTNEJTIwMTUlMjklMjAlN0IlMEElMjAlMjAlMjAlMjAlMjAlMjBzYXZpbmdzUGVyY2VudGFnZSUyMCUzRCUyMDAuMiUzQiUwQSUyMCUyMCUyMCUyMCU3RCUyMGVsc2UlMjBpZiUyMCUyOGluc3VsYXRpb25UaGlja25lc3MlMjAlM0QlM0QlMjAyMCUyOSUyMCU3QiUwQSUyMCUyMCUyMCUyMCUyMCUyMHNhdmluZ3NQZXJjZW50YWdlJTIwJTNEJTIwMC4yNSUzQiUwQSUyMCUyMCUyMCUyMCU3RCUyMGVsc2UlMjBpZiUyMCUyOGluc3VsYXRpb25UaGlja25lc3MlMjAlM0QlM0QlMjAyNSUyOSUyMCU3QiUwQSUyMCUyMCUyMCUyMCUyMCUyMHNhdmluZ3NQZXJjZW50YWdlJTIwJTNEJTIwMC4zJTNCJTBBJTIwJTIwJTIwJTIwJTdEJTIwZWxzZSUyMGlmJTIwJTI4aW5zdWxhdGlvblRoaWNrbmVzcyUyMCUzRCUzRCUyMDMwJTI5JTIwJTdCJTBBJTIwJTIwJTIwJTIwJTIwJTIwc2F2aW5nc1BlcmNlbnRhZ2UlMjAlM0QlMjAwLjQlM0IlMEElMjAlMjAlMjAlMjAlN0QlMEElMEElMjAlMjAlMjAlMjBjb25zdCUyMG1vbnRobHlTYXZpbmdzJTIwJTNEJTIwTWF0aC5mbG9vciUyOG1vbnRobHlQYXltZW50cyUyMCUyQSUyMHNhdmluZ3NQZXJjZW50YWdlJTI5JTNCJTBBJTIwJTIwJTIwJTIwY29uc3QlMjB5ZWFybHlTYXZpbmdzJTIwJTNEJTIwTWF0aC5mbG9vciUyOG1vbnRobHlTYXZpbmdzJTIwJTJBJTIwMTIlMjklM0IlMEElMEElMjAlMjAlMjAlMjBjb25zdCUyMG1vbnRobHlTYXZpbmdzRWxlbWVudCUyMCUzRCUyMGRvY3VtZW50LmdldEVsZW1lbnRCeUlkJTI4JTIybW9udGhseVNhdmluZ3MlMjIlMjklM0IlMEElMjAlMjAlMjAlMjBtb250aGx5U2F2aW5nc0VsZW1lbnQuaW5uZXJIVE1MJTIwJTNEJTIwbnVtYmVyV2l0aFNwYWNlcyUyOG1vbnRobHlTYXZpbmdzJTI5JTIwJTJCJTIwJTIyJTIwSyVDNCU4RCUyMiUzQiUwQSUwQSUyMCUyMCUyMCUyMGNvbnN0JTIweWVhcmx5U2F2aW5nc0VsZW1lbnQlMjAlM0QlMjBkb2N1bWVudC5nZXRFbGVtZW50QnlJZCUyOCUyMnllYXJseVNhdmluZ3MlMjIlMjklM0IlMEElMjAlMjAlMjAlMjB5ZWFybHlTYXZpbmdzRWxlbWVudC5pbm5lckhUTUwlMjAlM0QlMjBudW1iZXJXaXRoU3BhY2VzJTI4eWVhcmx5U2F2aW5ncyUyOSUyMCUyQiUyMCUyMiUyMEslQzQlOEQlMjIlM0IlMEElMjAlMjAlN0QlMEElMEElMjAlMjBmdW5jdGlvbiUyMG51bWJlcldpdGhTcGFjZXMlMjhudW1iZXIlMjklMjAlN0IlMEElMjAlMjAlMjAlMjByZXR1cm4lMjBudW1iZXIudG9TdHJpbmclMjglMjkucmVwbGFjZSUyOCUyRiU1Q0IlMjglM0YlM0QlMjglNUNkJTdCMyU3RCUyOSUyQiUyOCUzRiUyMSU1Q2QlMjklMjklMkZnJTJDJTIwJTIyJTIwJTIyJTI5JTNCJTBBJTIwJTIwJTdEJTBBJTNDJTJGc2NyaXB0JTNFJTBB[\/vc_raw_html][\/vc_column][\/vc_row]<\/p>\n<\/div>","protected":false},"excerpt":{"rendered":"<p>[vc_row][vc_column][vc_empty_space][\/vc_column][\/vc_row][vc_row][vc_column css=&#8221;.vc_custom_1684414799151{padding-right: 30px !important;padding-left: 30px !important;}&#8221; offset=&#8221;vc_hidden-lg vc_hidden-md&#8221;][vc_column_text] N\u00ed\u017ee vypo\u010d\u00edtan\u00e1 odhad \u00faspory vych\u00e1z\u00ed ze zp\u011btn\u00e9 vazby od na\u0161ich spokojen\u00fdch z\u00e1kazn\u00edk\u016f&#8230;.<\/p>\n","protected":false},"author":1,"featured_media":0,"parent":0,"menu_order":0,"comment_status":"closed","ping_status":"closed","template":"","meta":{"footnotes":""},"class_list":["post-6614","page","type-page","status-publish"],"yoast_head":"<!-- This site is optimized with the Yoast SEO plugin v21.5 - https:\/\/yoast.com\/wordpress\/plugins\/seo\/ -->\n<title>kalkulacka test - uspora-penou.cz<\/title>\n<meta name=\"robots\" content=\"index, follow, max-snippet:-1, max-image-preview:large, max-video-preview:-1\" \/>\n<link rel=\"canonical\" href=\"https:\/\/www.uspora-penou.cz\/de\/kalkulacka-test\/\" \/>\n<meta property=\"og:locale\" content=\"de_DE\" \/>\n<meta property=\"og:type\" content=\"article\" \/>\n<meta property=\"og:title\" content=\"kalkulacka test - uspora-penou.cz\" \/>\n<meta property=\"og:description\" content=\"[vc_row][vc_column][vc_empty_space][\/vc_column][\/vc_row][vc_row][vc_column css=&#8221;.vc_custom_1684414799151{padding-right: 30px !important;padding-left: 30px !important;}&#8221; offset=&#8221;vc_hidden-lg vc_hidden-md&#8221;][vc_column_text] N\u00ed\u017ee vypo\u010d\u00edtan\u00e1 odhad \u00faspory vych\u00e1z\u00ed ze zp\u011btn\u00e9 vazby od na\u0161ich spokojen\u00fdch z\u00e1kazn\u00edk\u016f....\" \/>\n<meta property=\"og:url\" content=\"https:\/\/www.uspora-penou.cz\/de\/kalkulacka-test\/\" \/>\n<meta property=\"og:site_name\" content=\"uspora-penou.cz\" \/>\n<meta property=\"article:modified_time\" content=\"2023-05-18T13:00:48+00:00\" \/>\n<meta name=\"twitter:card\" content=\"summary_large_image\" \/>\n<meta name=\"twitter:label1\" content=\"Gesch\u00e4tzte Lesezeit\" \/>\n\t<meta name=\"twitter:data1\" content=\"3\u00a0Minuten\" \/>\n<script type=\"application\/ld+json\" class=\"yoast-schema-graph\">{\"@context\":\"https:\/\/schema.org\",\"@graph\":[{\"@type\":\"WebPage\",\"@id\":\"https:\/\/www.uspora-penou.cz\/de\/kalkulacka-test\/\",\"url\":\"https:\/\/www.uspora-penou.cz\/de\/kalkulacka-test\/\",\"name\":\"kalkulacka test - uspora-penou.cz\",\"isPartOf\":{\"@id\":\"https:\/\/www.uspora-penou.cz\/#website\"},\"datePublished\":\"2023-05-18T11:24:36+00:00\",\"dateModified\":\"2023-05-18T13:00:48+00:00\",\"breadcrumb\":{\"@id\":\"https:\/\/www.uspora-penou.cz\/de\/kalkulacka-test\/#breadcrumb\"},\"inLanguage\":\"de\",\"potentialAction\":[{\"@type\":\"ReadAction\",\"target\":[\"https:\/\/www.uspora-penou.cz\/de\/kalkulacka-test\/\"]}]},{\"@type\":\"BreadcrumbList\",\"@id\":\"https:\/\/www.uspora-penou.cz\/de\/kalkulacka-test\/#breadcrumb\",\"itemListElement\":[{\"@type\":\"ListItem\",\"position\":1,\"name\":\"Dom\u016f\",\"item\":\"https:\/\/www.uspora-penou.cz\/de\/\"},{\"@type\":\"ListItem\",\"position\":2,\"name\":\"kalkulacka test\"}]},{\"@type\":\"WebSite\",\"@id\":\"https:\/\/www.uspora-penou.cz\/#website\",\"url\":\"https:\/\/www.uspora-penou.cz\/\",\"name\":\"uspora-penou.cz\",\"description\":\"St\u0159\u00edkan\u00e9 PUR izolace\",\"publisher\":{\"@id\":\"https:\/\/www.uspora-penou.cz\/#organization\"},\"potentialAction\":[{\"@type\":\"SearchAction\",\"target\":{\"@type\":\"EntryPoint\",\"urlTemplate\":\"https:\/\/www.uspora-penou.cz\/?s={search_term_string}\"},\"query-input\":\"required name=search_term_string\"}],\"inLanguage\":\"de\"},{\"@type\":\"Organization\",\"@id\":\"https:\/\/www.uspora-penou.cz\/#organization\",\"name\":\"uspora-penou\",\"url\":\"https:\/\/www.uspora-penou.cz\/\",\"logo\":{\"@type\":\"ImageObject\",\"inLanguage\":\"de\",\"@id\":\"https:\/\/www.uspora-penou.cz\/#\/schema\/logo\/image\/\",\"url\":\"https:\/\/www.uspora-penou.cz\/wp-content\/uploads\/2022\/10\/500.png\",\"contentUrl\":\"https:\/\/www.uspora-penou.cz\/wp-content\/uploads\/2022\/10\/500.png\",\"width\":500,\"height\":281,\"caption\":\"uspora-penou\"},\"image\":{\"@id\":\"https:\/\/www.uspora-penou.cz\/#\/schema\/logo\/image\/\"}}]}<\/script>\n<!-- \/ Yoast SEO plugin. -->","yoast_head_json":{"title":"kalkulacka test - uspora-penou.cz","robots":{"index":"index","follow":"follow","max-snippet":"max-snippet:-1","max-image-preview":"max-image-preview:large","max-video-preview":"max-video-preview:-1"},"canonical":"https:\/\/www.uspora-penou.cz\/de\/kalkulacka-test\/","og_locale":"de_DE","og_type":"article","og_title":"kalkulacka test - uspora-penou.cz","og_description":"[vc_row][vc_column][vc_empty_space][\/vc_column][\/vc_row][vc_row][vc_column css=&#8221;.vc_custom_1684414799151{padding-right: 30px !important;padding-left: 30px !important;}&#8221; offset=&#8221;vc_hidden-lg vc_hidden-md&#8221;][vc_column_text] N\u00ed\u017ee vypo\u010d\u00edtan\u00e1 odhad \u00faspory vych\u00e1z\u00ed ze zp\u011btn\u00e9 vazby od na\u0161ich spokojen\u00fdch z\u00e1kazn\u00edk\u016f....","og_url":"https:\/\/www.uspora-penou.cz\/de\/kalkulacka-test\/","og_site_name":"uspora-penou.cz","article_modified_time":"2023-05-18T13:00:48+00:00","twitter_card":"summary_large_image","twitter_misc":{"Gesch\u00e4tzte Lesezeit":"3\u00a0Minuten"},"schema":{"@context":"https:\/\/schema.org","@graph":[{"@type":"WebPage","@id":"https:\/\/www.uspora-penou.cz\/de\/kalkulacka-test\/","url":"https:\/\/www.uspora-penou.cz\/de\/kalkulacka-test\/","name":"kalkulacka test - uspora-penou.cz","isPartOf":{"@id":"https:\/\/www.uspora-penou.cz\/#website"},"datePublished":"2023-05-18T11:24:36+00:00","dateModified":"2023-05-18T13:00:48+00:00","breadcrumb":{"@id":"https:\/\/www.uspora-penou.cz\/de\/kalkulacka-test\/#breadcrumb"},"inLanguage":"de","potentialAction":[{"@type":"ReadAction","target":["https:\/\/www.uspora-penou.cz\/de\/kalkulacka-test\/"]}]},{"@type":"BreadcrumbList","@id":"https:\/\/www.uspora-penou.cz\/de\/kalkulacka-test\/#breadcrumb","itemListElement":[{"@type":"ListItem","position":1,"name":"Dom\u016f","item":"https:\/\/www.uspora-penou.cz\/de\/"},{"@type":"ListItem","position":2,"name":"kalkulacka test"}]},{"@type":"WebSite","@id":"https:\/\/www.uspora-penou.cz\/#website","url":"https:\/\/www.uspora-penou.cz\/","name":"uspora-penou.cz","description":"St\u0159\u00edkan\u00e9 PUR izolace","publisher":{"@id":"https:\/\/www.uspora-penou.cz\/#organization"},"potentialAction":[{"@type":"SearchAction","target":{"@type":"EntryPoint","urlTemplate":"https:\/\/www.uspora-penou.cz\/?s={search_term_string}"},"query-input":"required name=search_term_string"}],"inLanguage":"de"},{"@type":"Organization","@id":"https:\/\/www.uspora-penou.cz\/#organization","name":"uspora-penou","url":"https:\/\/www.uspora-penou.cz\/","logo":{"@type":"ImageObject","inLanguage":"de","@id":"https:\/\/www.uspora-penou.cz\/#\/schema\/logo\/image\/","url":"https:\/\/www.uspora-penou.cz\/wp-content\/uploads\/2022\/10\/500.png","contentUrl":"https:\/\/www.uspora-penou.cz\/wp-content\/uploads\/2022\/10\/500.png","width":500,"height":281,"caption":"uspora-penou"},"image":{"@id":"https:\/\/www.uspora-penou.cz\/#\/schema\/logo\/image\/"}}]}},"_links":{"self":[{"href":"https:\/\/www.uspora-penou.cz\/de\/wp-json\/wp\/v2\/pages\/6614","targetHints":{"allow":["GET"]}}],"collection":[{"href":"https:\/\/www.uspora-penou.cz\/de\/wp-json\/wp\/v2\/pages"}],"about":[{"href":"https:\/\/www.uspora-penou.cz\/de\/wp-json\/wp\/v2\/types\/page"}],"author":[{"embeddable":true,"href":"https:\/\/www.uspora-penou.cz\/de\/wp-json\/wp\/v2\/users\/1"}],"replies":[{"embeddable":true,"href":"https:\/\/www.uspora-penou.cz\/de\/wp-json\/wp\/v2\/comments?post=6614"}],"version-history":[{"count":21,"href":"https:\/\/www.uspora-penou.cz\/de\/wp-json\/wp\/v2\/pages\/6614\/revisions"}],"predecessor-version":[{"id":6635,"href":"https:\/\/www.uspora-penou.cz\/de\/wp-json\/wp\/v2\/pages\/6614\/revisions\/6635"}],"wp:attachment":[{"href":"https:\/\/www.uspora-penou.cz\/de\/wp-json\/wp\/v2\/media?parent=6614"}],"curies":[{"name":"wp","href":"https:\/\/api.w.org\/{rel}","templated":true}]}}