{"id":6574,"date":"2020-11-03T20:44:06","date_gmt":"2020-11-03T20:44:06","guid":{"rendered":"https:\/\/www.uspora-penou.cz\/?page_id=6574"},"modified":"2023-05-18T13:53:15","modified_gmt":"2023-05-18T13:53:15","slug":"kontakt","status":"publish","type":"page","link":"https:\/\/www.uspora-penou.cz\/de\/kontakt\/","title":{"rendered":"Kontakt"},"content":{"rendered":"<div class=\"wpb-content-wrapper\"><p>[vc_row full_width=&#8221;stretch_row&#8221; css=&#8221;.vc_custom_1667258960779{margin-top: 0px !important;margin-bottom: 0px !important;background-image: url(http:\/\/www.uspora-penou.cz\/wp-content\/uploads\/2022\/10\/6-1.jpg?id=5883) !important;background-position: center !important;background-repeat: no-repeat !important;background-size: cover !important;}&#8221; el_class=&#8221;gem-custom-bg-row-tablets&#8221;][vc_column offset=&#8221;vc_hidden-lg vc_col-md-12 vc_col-xs-12&#8243;]<div class=\"clearboth\"><\/div><div id=\"thegem-divider-69f27e9e37106\" class=\"gem-divider  \" style=\"\" ><\/div>[\/vc_column][vc_column offset=&#8221;vc_col-lg-12 vc_hidden-md vc_hidden-sm vc_hidden-xs&#8221;]<div class=\"clearboth\"><\/div><style>#thegem-divider-69f27e9e3713a {margin-top: 100px !important;}<\/style><div id=\"thegem-divider-69f27e9e3713a\" class=\"gem-divider  \" style=\"\" ><\/div>[\/vc_column][vc_column width=&#8221;7\/12&#8243; el_class=&#8221;gem-custom-padding-column-four-block gem-custom-column-margin-mobile gem-custom-column-margin-mobile-img&#8221; offset=&#8221;vc_col-lg-6 vc_col-md-6 vc_col-xs-12&#8243; css=&#8221;.vc_custom_1612259280928{margin-left: 25px !important;}&#8221;][vc_row_inner][vc_column_inner el_class=&#8221;gem-custom-column-margin-mobile&#8221; width=&#8221;1\/2&#8243; disable_custom_paddings_tablet=&#8221;true&#8221; disable_custom_paddings_mobile=&#8221;true&#8221; css=&#8221;.vc_custom_1605823005645{padding-right: 15% !important;padding-left: 15% !important;background-color: rgba(30,34,34,0.7) !important;*background-color: rgb(30,34,34) !important;}&#8221;]<div class=\"clearboth\"><\/div><style>#thegem-divider-69f27e9e37153 {margin-top: 60px !important;}<\/style><div id=\"thegem-divider-69f27e9e37153\" class=\"gem-divider  gem-devider-none-mobile\" style=\"\" ><\/div>[vc_column_text]<\/p>\n<div class=\"title-h5\" style=\"text-align: center;\"><strong><span style=\"color: #ffffff;\">Unternehmensinformationen:<\/span><\/strong><\/div>\n<p>[\/vc_column_text]<div class=\"clearboth\"><\/div><style>#thegem-divider-69f27e9e37166 {margin-top: 30px !important;}<\/style><div id=\"thegem-divider-69f27e9e37166\" class=\"gem-divider  \" style=\"\" ><\/div>[vc_column_text]<\/p>\n<div class=\"title-h5\" style=\"text-align: center; font-size: 16px; line-height: 24px; font-weight: 500;\"><span style=\"color: #ffffff;\">Nikotom, s.r.o.<\/span><br \/>\n<span style=\"color: #ffffff;\">I\u010cO:02463458<\/span><br \/>\n<span style=\"color: #ffffff;\">DI\u010c:CZ02463458<\/span><br \/>\n<span style=\"color: #ffffff;\">Jaurisova 515\/4, Michle,<br \/>\n140 00 Praha<\/span><\/div>\n<p>[\/vc_column_text]<div class=\"clearboth\"><\/div><style>#thegem-divider-69f27e9e37175 {margin-top: 10px !important;}<\/style><div id=\"thegem-divider-69f27e9e37175\" class=\"gem-divider  \" style=\"\" ><\/div>[\/vc_column_inner][vc_column_inner width=&#8221;1\/2&#8243; disable_custom_paddings_tablet=&#8221;true&#8221; disable_custom_paddings_mobile=&#8221;true&#8221; css=&#8221;.vc_custom_1667258381176{padding-right: 15% !important;padding-left: 15% !important;background-color: #ffffff !important;}&#8221;]<div class=\"clearboth\"><\/div><style>#thegem-divider-69f27e9e37182 {margin-top: 60px !important;}<\/style><div id=\"thegem-divider-69f27e9e37182\" class=\"gem-divider  \" style=\"\" ><\/div>[vc_column_text]<\/p>\n<div class=\"title-h5\" style=\"text-align: center;\"><strong>Kontakt-Telefon:<\/strong><\/div>\n<p>[\/vc_column_text]<div class=\"clearboth\"><\/div><style>#thegem-divider-69f27e9e3718f {margin-top: 30px !important;}<\/style><div id=\"thegem-divider-69f27e9e3718f\" class=\"gem-divider  \" style=\"\" ><\/div>[vc_column_text]<\/p>\n<div class=\"title-h5\" style=\"text-align: center; font-size: 16px; line-height: 24px; font-weight: 500;\">Tom\u00e1\u0161 \u0160rajber<br \/>\n<a href=\"tel: +420 774 152 220\">+420 774 152 220<\/a><br \/>\nNikola Hurban<\/div>\n<p>[\/vc_column_text]<div class=\"clearboth\"><\/div><style>#thegem-divider-69f27e9e3719c {margin-top: 95px !important;}<\/style><div id=\"thegem-divider-69f27e9e3719c\" class=\"gem-divider  \" style=\"\" ><\/div>[\/vc_column_inner][vc_column_inner el_class=&#8221;gem-custom-column-responsive-margin&#8221; width=&#8221;1\/2&#8243; disable_custom_paddings_tablet=&#8221;true&#8221; disable_custom_paddings_mobile=&#8221;true&#8221; css=&#8221;.vc_custom_1605474786737{padding-right: 15% !important;padding-left: 15% !important;background-color: rgba(30,34,34,0.8) !important;*background-color: rgb(30,34,34) !important;}&#8221;]<div class=\"clearboth\"><\/div><style>#thegem-divider-69f27e9e371a9 {margin-top: 60px !important;}<\/style><div id=\"thegem-divider-69f27e9e371a9\" class=\"gem-divider  \" style=\"\" ><\/div>[vc_column_text]<\/p>\n<div class=\"title-h5\" style=\"text-align: center;\"><strong><span style=\"color: #ffffff;\">Email:<\/span><\/strong><\/div>\n<p>[\/vc_column_text]<div class=\"clearboth\"><\/div><style>#thegem-divider-69f27e9e371b5 {margin-top: 30px !important;}<\/style><div id=\"thegem-divider-69f27e9e371b5\" class=\"gem-divider  \" style=\"\" ><\/div>[vc_column_text]<\/p>\n<div class=\"title-h5\" style=\"text-align: center; font-size: 16px; line-height: 24px; font-weight: 500;\">\n<p><span style=\"color: #ffffff;\"><a style=\"color: #ffffff;\" href=\"mailto:info@uspora-penou.cz\">info@uspora-penou.cz<\/a><\/span><\/p>\n<p>&nbsp;<\/p>\n<\/div>\n<p>[\/vc_column_text]<div class=\"clearboth\"><\/div><style>#thegem-divider-69f27e9e371c1 {margin-top: 95px !important;}<\/style><div id=\"thegem-divider-69f27e9e371c1\" class=\"gem-divider  \" style=\"\" ><\/div>[\/vc_column_inner][vc_column_inner el_class=&#8221;gem-custom-column-responsive-margin gem-custom-column-padding-four&#8221; width=&#8221;1\/2&#8243; disable_custom_paddings_tablet=&#8221;true&#8221; disable_custom_paddings_mobile=&#8221;true&#8221; css=&#8221;.vc_custom_1606336151890{padding-right: 10% !important;padding-left: 10% !important;background-color: #353b3b !important;}&#8221;]<div class=\"clearboth\"><\/div><style>#thegem-divider-69f27e9e371cd {margin-top: 90px !important;}<\/style><div id=\"thegem-divider-69f27e9e371cd\" class=\"gem-divider  \" style=\"\" ><\/div>[vc_column_text]<\/p>\n<div class=\"title-h5\" style=\"text-align: center; font-size: 16px; line-height: 24px; font-weight: 500;\">\n<p><span style=\"color: #ffffff;\">Holen Sie sich Ihre unverbindliche<br \/>\nBerechnung heute<\/span><\/p>\n<\/div>\n<p>[\/vc_column_text]<div class=\"clearboth\"><\/div><style>#thegem-divider-69f27e9e371d8 {margin-top: 140px !important;}<\/style><div id=\"thegem-divider-69f27e9e371d8\" class=\"gem-divider  \" style=\"\" ><\/div>[\/vc_column_inner][\/vc_row_inner][\/vc_column][vc_column width=&#8221;5\/12&#8243; css=&#8221;.vc_custom_1605482930114{padding-right: 30px !important;padding-left: 130px !important;}&#8221; offset=&#8221;vc_col-lg-6 vc_col-md-6 vc_col-xs-12&#8243; el_class=&#8221;gem-custom-four-block-column-right&#8221;][vc_row_inner][vc_column_inner css=&#8221;.vc_custom_1605823156882{padding-top: 5px !important;}&#8221; offset=&#8221;vc_hidden-xs&#8221;]<div class=\"clearboth\"><\/div><style>#thegem-divider-69f27e9e371e3 {margin-top: 150px !important;}<\/style><div id=\"thegem-divider-69f27e9e371e3\" class=\"gem-divider  \" style=\"\" ><\/div>[\/vc_column_inner][\/vc_row_inner][vc_column_text el_class=&#8221;subtitle-text&#8221;]<\/p>\n<div class=\"styled-subtitle\"><span style=\"color: #ffffff;\">MIT DEN BESTEN ZUSAMMENARBEITEN<\/span><\/div>\n<p>[\/vc_column_text][vc_column_text]<\/p>\n<div class=\"title-h2\"><span style=\"color: #ffffff;\">Folgen Sie unseren sozialen Netzwerken<\/span><\/div>\n<p>[\/vc_column_text][vc_row_inner][vc_column_inner offset=&#8221;vc_hidden-lg vc_hidden-md vc_hidden-sm vc_col-xs-12&#8243;]<div class=\"clearboth\"><\/div><style>#thegem-divider-69f27e9e371ed {margin-top: 30px !important;}<\/style><div id=\"thegem-divider-69f27e9e371ed\" class=\"gem-divider  \" style=\"\" ><\/div>[\/vc_column_inner][vc_column_inner offset=&#8221;vc_hidden-xs&#8221;]<div class=\"clearboth\"><\/div><style>#thegem-divider-69f27e9e371f7 {margin-top: 35px !important;}<\/style><div id=\"thegem-divider-69f27e9e371f7\" class=\"gem-divider  \" style=\"\" ><\/div>[\/vc_column_inner][vc_column_inner disable_custom_paddings_mobile=&#8221;true&#8221; css=&#8221;.vc_custom_1608643527432{padding-right: 8% !important;}&#8221;]<div class=\"socials socials-list socials-colored-hover socials-rounded socials-alignment-left\"><a class=\"socials-item\" target=\"_blank\" href=\"#\" style=\"color: #abb1b5;\"><i class=\"socials-item-icon facebook\" style=\"font-size: 25px\"><\/i><\/a><a class=\"socials-item\" target=\"_blank\" href=\"#\" style=\"color: #abb1b5;\"><i class=\"socials-item-icon instagram\" style=\"font-size: 25px\"><\/i><\/a><\/div>[\/vc_column_inner][\/vc_row_inner][\/vc_column][vc_column offset=&#8221;vc_hidden-lg vc_hidden-md vc_hidden-sm vc_col-xs-12&#8243;]<div class=\"clearboth\"><\/div><style>#thegem-divider-69f27e9e37249 {margin-top: 50px !important;}<\/style><div id=\"thegem-divider-69f27e9e37249\" class=\"gem-divider  \" style=\"\" ><\/div>[\/vc_column][vc_column offset=&#8221;vc_hidden-lg vc_col-md-12 vc_col-xs-12 vc_hidden-xs&#8221;]<div class=\"clearboth\"><\/div><style>#thegem-divider-69f27e9e37256 {margin-top: 85px !important;}<\/style><div id=\"thegem-divider-69f27e9e37256\" class=\"gem-divider  \" style=\"\" ><\/div>[\/vc_column][vc_column offset=&#8221;vc_col-lg-12 vc_hidden-md vc_hidden-sm vc_hidden-xs&#8221;]<div class=\"clearboth\"><\/div><style>#thegem-divider-69f27e9e37260 {margin-top: 135px !important;}<\/style><div id=\"thegem-divider-69f27e9e37260\" class=\"gem-divider  \" style=\"\" ><\/div>[\/vc_column][\/vc_row]<div class=\"clearboth\"><\/div><style>#thegem-divider-69f27e9e3726a {margin-top: 35px !important;}<\/style><div id=\"thegem-divider-69f27e9e3726a\" class=\"gem-divider  \" style=\"\" ><\/div>[vc_row][vc_column width=&#8221;4\/6&#8243;]\n<div class=\"wpcf7 no-js\" id=\"wpcf7-f6572-o1\" lang=\"cs-CZ\" dir=\"ltr\">\n<div class=\"screen-reader-response\"><p role=\"status\" aria-live=\"polite\" aria-atomic=\"true\"><\/p> <ul><\/ul><\/div>\n<form action=\"\/de\/wp-json\/wp\/v2\/pages\/6574#wpcf7-f6572-o1\" method=\"post\" class=\"wpcf7-form init\" aria-label=\"Kontaktn\u00ed formul\u00e1\u0159\" novalidate=\"novalidate\" data-status=\"init\">\n<div style=\"display: none;\">\n<input type=\"hidden\" name=\"_wpcf7\" value=\"6572\" \/>\n<input type=\"hidden\" name=\"_wpcf7_version\" value=\"5.8.3\" \/>\n<input type=\"hidden\" name=\"_wpcf7_locale\" value=\"cs_CZ\" \/>\n<input type=\"hidden\" name=\"_wpcf7_unit_tag\" value=\"wpcf7-f6572-o1\" \/>\n<input type=\"hidden\" name=\"_wpcf7_container_post\" value=\"0\" \/>\n<input type=\"hidden\" name=\"_wpcf7_posted_data_hash\" value=\"\" \/>\n<\/div>\n<p><label> Ihr Name<br \/>\n<span class=\"wpcf7-form-control-wrap\" data-name=\"your-name\"><input size=\"40\" class=\"wpcf7-form-control wpcf7-text wpcf7-validates-as-required\" aria-required=\"true\" aria-invalid=\"false\" value=\"\" type=\"text\" name=\"your-name\" \/><\/span> <\/label>\n<\/p>\n<p><label> Ihre E-Mail<br \/>\n<span class=\"wpcf7-form-control-wrap\" data-name=\"your-email\"><input size=\"40\" class=\"wpcf7-form-control wpcf7-email wpcf7-validates-as-required wpcf7-text wpcf7-validates-as-email\" aria-required=\"true\" aria-invalid=\"false\" value=\"\" type=\"email\" name=\"your-email\" \/><\/span> <\/label>\n<\/p>\n<p><label> Ihre Telefonnummer<br \/>\n<span class=\"wpcf7-form-control-wrap\" data-name=\"tel-788\"><input size=\"40\" class=\"wpcf7-form-control wpcf7-tel wpcf7-validates-as-required wpcf7-text wpcf7-validates-as-tel\" aria-required=\"true\" aria-invalid=\"false\" value=\"\" type=\"tel\" name=\"tel-788\" \/><\/span> <\/label>\n<\/p>\n<p><span class=\"wpcf7-form-control-wrap\" data-name=\"checkbox-968\"><span class=\"wpcf7-form-control wpcf7-checkbox wpcf7-validates-as-required\"><span class=\"wpcf7-list-item first\"><label><span class=\"wpcf7-list-item-label\">Dach<\/span><input type=\"checkbox\" name=\"checkbox-968[]\" value=\"Dach\" \/><\/label><\/span><span class=\"wpcf7-list-item\"><label><span class=\"wpcf7-list-item-label\">Dachboden<\/span><input type=\"checkbox\" name=\"checkbox-968[]\" value=\"Dachboden\" \/><\/label><\/span><span class=\"wpcf7-list-item\"><label><span class=\"wpcf7-list-item-label\">Decke<\/span><input type=\"checkbox\" name=\"checkbox-968[]\" value=\"Decke\" \/><\/label><\/span><span class=\"wpcf7-list-item\"><label><span class=\"wpcf7-list-item-label\">Dachgeschoss<\/span><input type=\"checkbox\" name=\"checkbox-968[]\" value=\"Dachgeschoss\" \/><\/label><\/span><span class=\"wpcf7-list-item\"><label><span class=\"wpcf7-list-item-label\">W\u00e4nde<\/span><input type=\"checkbox\" name=\"checkbox-968[]\" value=\"W\u00e4nde\" \/><\/label><\/span><span class=\"wpcf7-list-item\"><label><span class=\"wpcf7-list-item-label\">Fassade<\/span><input type=\"checkbox\" name=\"checkbox-968[]\" value=\"Fassade\" \/><\/label><\/span><span class=\"wpcf7-list-item\"><label><span class=\"wpcf7-list-item-label\">Holzbau<\/span><input type=\"checkbox\" name=\"checkbox-968[]\" value=\"Holzbau\" \/><\/label><\/span><span class=\"wpcf7-list-item last\"><label><span class=\"wpcf7-list-item-label\">Sonstiges...<\/span><input type=\"checkbox\" name=\"checkbox-968[]\" value=\"Sonstiges...\" \/><\/label><\/span><\/span><\/span>\n<\/p>\n<p><label> Fl\u00e4che in Quadratmeter<br \/>\n<span class=\"wpcf7-form-control-wrap\" data-name=\"your-subject\"><input size=\"40\" class=\"wpcf7-form-control wpcf7-text wpcf7-validates-as-required\" aria-required=\"true\" aria-invalid=\"false\" value=\"\" type=\"text\" name=\"your-subject\" \/><\/span> <\/label>\n<\/p>\n<p><label> Realisierungsadresse<br \/>\n<span class=\"wpcf7-form-control-wrap\" data-name=\"your-adress\"><input size=\"40\" class=\"wpcf7-form-control wpcf7-text wpcf7-validates-as-required\" aria-required=\"true\" aria-invalid=\"false\" value=\"\" type=\"text\" name=\"your-adress\" \/><\/span> <\/label>\n<\/p>\n<p><label> Ihre Nachricht (optional)<br \/>\n<span class=\"wpcf7-form-control-wrap\" data-name=\"your-message\"><textarea cols=\"40\" rows=\"10\" class=\"wpcf7-form-control wpcf7-textarea\" aria-invalid=\"false\" name=\"your-message\"><\/textarea><\/span> <\/label>\n<\/p>\n<p><input class=\"wpcf7-form-control wpcf7-submit has-spinner\" type=\"submit\" value=\"Senden\" \/>\n<\/p><div class=\"wpcf7-response-output\" aria-hidden=\"true\"><\/div>\n<\/form>\n<\/div>\n[\/vc_column][vc_column width=&#8221;2\/6&#8243;][vc_single_image image=&#8221;6641&#8243; img_size=&#8221;full&#8221; alignment=&#8221;center&#8221;]<div class=\"clearboth\"><\/div><style>#thegem-divider-69f27e9e3aa92 {margin-top: 70px !important;}<\/style><div id=\"thegem-divider-69f27e9e3aa92\" class=\"gem-divider  \" style=\"\" ><\/div>[vc_column_text]<\/p>\n<div class=\"title-h2\" style=\"text-align: center;\"><span style=\"color: #000000;\">Ben\u00f6tigen Sie so schnell wie m\u00f6glich ein Angebot?<\/span><\/div>\n<p>[\/vc_column_text]<div class=\"clearboth\"><\/div><style>#thegem-divider-69f27e9e3aab6 {margin-top: 80px !important;}<\/style><div id=\"thegem-divider-69f27e9e3aab6\" class=\"gem-divider  \" style=\"\" ><\/div>[vc_column_text]<\/p>\n<p style=\"text-align: center;\"><span style=\"color: #ffffff;\"><span style=\"color: #000000;\">Rufen Sie uns unter der Telefonnummer an<br \/>\n<a href=\"tel: +420 774 152 220\">+420 774 152 220<\/a><\/span><\/span><\/p>\n<p>&nbsp;<\/p>\n<p>[\/vc_column_text][\/vc_column][\/vc_row]<\/p>\n<\/div>","protected":false},"excerpt":{"rendered":"<p>[vc_row full_width=&#8221;stretch_row&#8221; css=&#8221;.vc_custom_1667258960779{margin-top: 0px !important;margin-bottom: 0px !important;background-image: url(http:\/\/www.uspora-penou.cz\/wp-content\/uploads\/2022\/10\/6-1.jpg?id=5883) !important;background-position: center !important;background-repeat: no-repeat !important;background-size: cover !important;}&#8221; el_class=&#8221;gem-custom-bg-row-tablets&#8221;][vc_column offset=&#8221;vc_hidden-lg vc_col-md-12 vc_col-xs-12&#8243;][\/vc_column][vc_column offset=&#8221;vc_col-lg-12&#8230;<\/p>\n","protected":false},"author":1,"featured_media":6641,"parent":0,"menu_order":0,"comment_status":"closed","ping_status":"closed","template":"","meta":{"footnotes":""},"class_list":["post-6574","page","type-page","status-publish","has-post-thumbnail"],"yoast_head":"<!-- This site is optimized with the Yoast SEO plugin v21.5 - https:\/\/yoast.com\/wordpress\/plugins\/seo\/ -->\n<title>Kontakt - uspora-penou.cz<\/title>\n<meta name=\"robots\" content=\"index, follow, max-snippet:-1, max-image-preview:large, max-video-preview:-1\" \/>\n<link rel=\"canonical\" href=\"https:\/\/www.uspora-penou.cz\/de\/kontakt\/\" \/>\n<meta property=\"og:locale\" content=\"de_DE\" \/>\n<meta property=\"og:type\" content=\"article\" \/>\n<meta property=\"og:title\" content=\"Kontakt - uspora-penou.cz\" \/>\n<meta property=\"og:description\" content=\"[vc_row full_width=&#8221;stretch_row&#8221; css=&#8221;.vc_custom_1667258960779{margin-top: 0px !important;margin-bottom: 0px !important;background-image: url(http:\/\/www.uspora-penou.cz\/wp-content\/uploads\/2022\/10\/6-1.jpg?id=5883) !important;background-position: center !important;background-repeat: no-repeat !important;background-size: cover !important;}&#8221; el_class=&#8221;gem-custom-bg-row-tablets&#8221;][vc_column offset=&#8221;vc_hidden-lg vc_col-md-12 vc_col-xs-12&#8243;][\/vc_column][vc_column offset=&#8221;vc_col-lg-12...\" \/>\n<meta property=\"og:url\" content=\"https:\/\/www.uspora-penou.cz\/de\/kontakt\/\" \/>\n<meta property=\"og:site_name\" content=\"uspora-penou.cz\" \/>\n<meta property=\"article:modified_time\" content=\"2023-05-18T13:53:15+00:00\" \/>\n<meta property=\"og:image\" content=\"http:\/\/www.uspora-penou.cz\/wp-content\/uploads\/2020\/11\/344645547_239413972067634_6314527074306283104_n-1.png\" \/>\n\t<meta property=\"og:image:width\" content=\"1041\" \/>\n\t<meta property=\"og:image:height\" content=\"698\" \/>\n\t<meta property=\"og:image:type\" content=\"image\/png\" \/>\n<meta name=\"twitter:card\" content=\"summary_large_image\" \/>\n<meta name=\"twitter:label1\" content=\"Gesch\u00e4tzte Lesezeit\" \/>\n\t<meta name=\"twitter:data1\" content=\"2\u00a0Minuten\" \/>\n<script type=\"application\/ld+json\" class=\"yoast-schema-graph\">{\"@context\":\"https:\/\/schema.org\",\"@graph\":[{\"@type\":\"WebPage\",\"@id\":\"https:\/\/www.uspora-penou.cz\/de\/kontakt\/\",\"url\":\"https:\/\/www.uspora-penou.cz\/de\/kontakt\/\",\"name\":\"Kontakt - uspora-penou.cz\",\"isPartOf\":{\"@id\":\"https:\/\/www.uspora-penou.cz\/#website\"},\"datePublished\":\"2020-11-03T20:44:06+00:00\",\"dateModified\":\"2023-05-18T13:53:15+00:00\",\"breadcrumb\":{\"@id\":\"https:\/\/www.uspora-penou.cz\/de\/kontakt\/#breadcrumb\"},\"inLanguage\":\"de\",\"potentialAction\":[{\"@type\":\"ReadAction\",\"target\":[\"https:\/\/www.uspora-penou.cz\/de\/kontakt\/\"]}]},{\"@type\":\"BreadcrumbList\",\"@id\":\"https:\/\/www.uspora-penou.cz\/de\/kontakt\/#breadcrumb\",\"itemListElement\":[{\"@type\":\"ListItem\",\"position\":1,\"name\":\"Dom\u016f\",\"item\":\"https:\/\/www.uspora-penou.cz\/de\/\"},{\"@type\":\"ListItem\",\"position\":2,\"name\":\"Kontakt\"}]},{\"@type\":\"WebSite\",\"@id\":\"https:\/\/www.uspora-penou.cz\/#website\",\"url\":\"https:\/\/www.uspora-penou.cz\/\",\"name\":\"uspora-penou.cz\",\"description\":\"St\u0159\u00edkan\u00e9 PUR izolace\",\"publisher\":{\"@id\":\"https:\/\/www.uspora-penou.cz\/#organization\"},\"potentialAction\":[{\"@type\":\"SearchAction\",\"target\":{\"@type\":\"EntryPoint\",\"urlTemplate\":\"https:\/\/www.uspora-penou.cz\/?s={search_term_string}\"},\"query-input\":\"required name=search_term_string\"}],\"inLanguage\":\"de\"},{\"@type\":\"Organization\",\"@id\":\"https:\/\/www.uspora-penou.cz\/#organization\",\"name\":\"uspora-penou\",\"url\":\"https:\/\/www.uspora-penou.cz\/\",\"logo\":{\"@type\":\"ImageObject\",\"inLanguage\":\"de\",\"@id\":\"https:\/\/www.uspora-penou.cz\/#\/schema\/logo\/image\/\",\"url\":\"https:\/\/www.uspora-penou.cz\/wp-content\/uploads\/2022\/10\/500.png\",\"contentUrl\":\"https:\/\/www.uspora-penou.cz\/wp-content\/uploads\/2022\/10\/500.png\",\"width\":500,\"height\":281,\"caption\":\"uspora-penou\"},\"image\":{\"@id\":\"https:\/\/www.uspora-penou.cz\/#\/schema\/logo\/image\/\"}}]}<\/script>\n<!-- \/ Yoast SEO plugin. -->","yoast_head_json":{"title":"Kontakt - uspora-penou.cz","robots":{"index":"index","follow":"follow","max-snippet":"max-snippet:-1","max-image-preview":"max-image-preview:large","max-video-preview":"max-video-preview:-1"},"canonical":"https:\/\/www.uspora-penou.cz\/de\/kontakt\/","og_locale":"de_DE","og_type":"article","og_title":"Kontakt - uspora-penou.cz","og_description":"[vc_row full_width=&#8221;stretch_row&#8221; css=&#8221;.vc_custom_1667258960779{margin-top: 0px !important;margin-bottom: 0px !important;background-image: url(http:\/\/www.uspora-penou.cz\/wp-content\/uploads\/2022\/10\/6-1.jpg?id=5883) !important;background-position: center !important;background-repeat: no-repeat !important;background-size: cover !important;}&#8221; el_class=&#8221;gem-custom-bg-row-tablets&#8221;][vc_column offset=&#8221;vc_hidden-lg vc_col-md-12 vc_col-xs-12&#8243;][\/vc_column][vc_column offset=&#8221;vc_col-lg-12...","og_url":"https:\/\/www.uspora-penou.cz\/de\/kontakt\/","og_site_name":"uspora-penou.cz","article_modified_time":"2023-05-18T13:53:15+00:00","og_image":[{"width":1041,"height":698,"url":"http:\/\/www.uspora-penou.cz\/wp-content\/uploads\/2020\/11\/344645547_239413972067634_6314527074306283104_n-1.png","type":"image\/png"}],"twitter_card":"summary_large_image","twitter_misc":{"Gesch\u00e4tzte Lesezeit":"2\u00a0Minuten"},"schema":{"@context":"https:\/\/schema.org","@graph":[{"@type":"WebPage","@id":"https:\/\/www.uspora-penou.cz\/de\/kontakt\/","url":"https:\/\/www.uspora-penou.cz\/de\/kontakt\/","name":"Kontakt - uspora-penou.cz","isPartOf":{"@id":"https:\/\/www.uspora-penou.cz\/#website"},"datePublished":"2020-11-03T20:44:06+00:00","dateModified":"2023-05-18T13:53:15+00:00","breadcrumb":{"@id":"https:\/\/www.uspora-penou.cz\/de\/kontakt\/#breadcrumb"},"inLanguage":"de","potentialAction":[{"@type":"ReadAction","target":["https:\/\/www.uspora-penou.cz\/de\/kontakt\/"]}]},{"@type":"BreadcrumbList","@id":"https:\/\/www.uspora-penou.cz\/de\/kontakt\/#breadcrumb","itemListElement":[{"@type":"ListItem","position":1,"name":"Dom\u016f","item":"https:\/\/www.uspora-penou.cz\/de\/"},{"@type":"ListItem","position":2,"name":"Kontakt"}]},{"@type":"WebSite","@id":"https:\/\/www.uspora-penou.cz\/#website","url":"https:\/\/www.uspora-penou.cz\/","name":"uspora-penou.cz","description":"St\u0159\u00edkan\u00e9 PUR izolace","publisher":{"@id":"https:\/\/www.uspora-penou.cz\/#organization"},"potentialAction":[{"@type":"SearchAction","target":{"@type":"EntryPoint","urlTemplate":"https:\/\/www.uspora-penou.cz\/?s={search_term_string}"},"query-input":"required name=search_term_string"}],"inLanguage":"de"},{"@type":"Organization","@id":"https:\/\/www.uspora-penou.cz\/#organization","name":"uspora-penou","url":"https:\/\/www.uspora-penou.cz\/","logo":{"@type":"ImageObject","inLanguage":"de","@id":"https:\/\/www.uspora-penou.cz\/#\/schema\/logo\/image\/","url":"https:\/\/www.uspora-penou.cz\/wp-content\/uploads\/2022\/10\/500.png","contentUrl":"https:\/\/www.uspora-penou.cz\/wp-content\/uploads\/2022\/10\/500.png","width":500,"height":281,"caption":"uspora-penou"},"image":{"@id":"https:\/\/www.uspora-penou.cz\/#\/schema\/logo\/image\/"}}]}},"_links":{"self":[{"href":"https:\/\/www.uspora-penou.cz\/de\/wp-json\/wp\/v2\/pages\/6574","targetHints":{"allow":["GET"]}}],"collection":[{"href":"https:\/\/www.uspora-penou.cz\/de\/wp-json\/wp\/v2\/pages"}],"about":[{"href":"https:\/\/www.uspora-penou.cz\/de\/wp-json\/wp\/v2\/types\/page"}],"author":[{"embeddable":true,"href":"https:\/\/www.uspora-penou.cz\/de\/wp-json\/wp\/v2\/users\/1"}],"replies":[{"embeddable":true,"href":"https:\/\/www.uspora-penou.cz\/de\/wp-json\/wp\/v2\/comments?post=6574"}],"version-history":[{"count":10,"href":"https:\/\/www.uspora-penou.cz\/de\/wp-json\/wp\/v2\/pages\/6574\/revisions"}],"predecessor-version":[{"id":6653,"href":"https:\/\/www.uspora-penou.cz\/de\/wp-json\/wp\/v2\/pages\/6574\/revisions\/6653"}],"wp:featuredmedia":[{"embeddable":true,"href":"https:\/\/www.uspora-penou.cz\/de\/wp-json\/wp\/v2\/media\/6641"}],"wp:attachment":[{"href":"https:\/\/www.uspora-penou.cz\/de\/wp-json\/wp\/v2\/media?parent=6574"}],"curies":[{"name":"wp","href":"https:\/\/api.w.org\/{rel}","templated":true}]}}