{"id":6560,"date":"2020-12-28T07:29:01","date_gmt":"2020-12-28T07:29:01","guid":{"rendered":"https:\/\/www.uspora-penou.cz\/?page_id=6560"},"modified":"2022-12-08T22:31:03","modified_gmt":"2022-12-08T22:31:03","slug":"referenzen","status":"publish","type":"page","link":"https:\/\/www.uspora-penou.cz\/de\/referenzen\/","title":{"rendered":"Referenzen"},"content":{"rendered":"<div class=\"wpb-content-wrapper\"><p>[vc_row][vc_column]<div class=\"clearboth\"><\/div><style>#thegem-divider-69f27e547122c {margin-top: 50px !important;}<\/style><div id=\"thegem-divider-69f27e547122c\" class=\"gem-divider  \" style=\"\" ><\/div>[\/vc_column][\/vc_row][vc_row el_disable_tablet=&#8221;1&#8243; el_disable_mobile=&#8221;1&#8243;][vc_column offset=&#8221;vc_hidden-sm vc_hidden-xs&#8221;]<div class=\"preloader\"><div class=\"preloader-spin\"><\/div><\/div><div class=\"size-small style2 gem-testimonials\" data-autoscroll=\"10000\" style=background-color:> <div id=\"post-3577\" class=\"gem-testimonial-item post-3577 thegem_testimonial type-thegem_testimonial status-publish\"> <div class=\"gem-testimonial-wrapper \"> <div class=\"gem-testimonial-image\"> <\/div> <div class=\"gem-testimonial-content\"> <div class=\"gem-testimonial-name\" >Roman P\u00e1sek<\/div> <div class=\"gem-testimonial-company\" >Karlovy vary - Star\u00e1 Role<\/div> <div class=\"gem-testimonial-text\" > <p>Dobr\u00fd den a je\u0161t\u011b jednou d\u011bkuji panu Hurbanovi za rychlou komunikaci. Rekonstruujeme rodinn\u00e9 d\u011bdictv\u00ed a cht\u011bli jsme myslet do budoucna. Proto jsme si vybrali kluky z \u00faspory p\u011bnou, aby n\u00e1m zaizolovali st\u0159e\u0161n\u00ed konstrukci. M\u011bli to k n\u00e1m kousek a byli raz dva hotov\u00ed \ud83d\ude42<\/p> <\/div> <\/div> <\/div> <\/div> <div id=\"post-3587\" class=\"gem-testimonial-item post-3587 thegem_testimonial type-thegem_testimonial status-publish\"> <div class=\"gem-testimonial-wrapper \"> <div class=\"gem-testimonial-image\"> <\/div> <div class=\"gem-testimonial-content\"> <div class=\"gem-testimonial-name\" >Edita Zemancov\u00e1<\/div> <div class=\"gem-testimonial-company\" >Sokolov<\/div> <div class=\"gem-testimonial-text\" > <p>S prac\u00ed firmy jsem byla moc spokojen\u00e1. Dojeli v p\u0159edem smluven\u00fd \u010das a \u0161lo jim to od ruky. Hledali jsme na internetu informace ohledn\u011b v\u00fdhod st\u0159\u00edkan\u00e9 p\u011bny a pan Hurban n\u00e1m i odpov\u011bd\u011bl na v\u0161echny ot\u00e1zky. Moc je\u0161t\u011b jednou d\u011bkujeme za skv\u011blou spolupr\u00e1ci.<\/p> <\/div> <\/div> <\/div> <\/div> <div id=\"post-5925\" class=\"gem-testimonial-item post-5925 thegem_testimonial type-thegem_testimonial status-publish\"> <div class=\"gem-testimonial-wrapper \"> <div class=\"gem-testimonial-image\"> <\/div> <div class=\"gem-testimonial-content\"> <div class=\"gem-testimonial-name\" >Ji\u0159\u00ed Jel\u00ednek<\/div> <div class=\"gem-testimonial-company\" >Nov\u00e9 Sedlo<\/div> <div class=\"gem-testimonial-text\" > <p>Dobr\u00fd den cht\u011bl bych pod\u011bkovat panu \u0160rajberovi za rychlou komunikaci. V\u0161e bylo dob\u0159e odveden\u00e9 a byli jsme spokojen\u00ed.<\/p> <\/div> <\/div> <\/div> <\/div> <div id=\"post-6122\" class=\"gem-testimonial-item post-6122 thegem_testimonial type-thegem_testimonial status-publish\"> <div class=\"gem-testimonial-wrapper \"> <div class=\"gem-testimonial-image\"> <\/div> <div class=\"gem-testimonial-content\"> <div class=\"gem-testimonial-name\" >Tom\u00e1\u0161 Pokorn\u00fd<\/div> <div class=\"gem-testimonial-text\" > <p>T\u00edmto bychom cht\u011bli pod\u011bkovat firm\u011b za v\u00fdborn\u011b odvedenou pr\u00e1ci. Od zam\u011b\u0159en\u00ed a\u017e po realizaci byla firma velice vst\u0159\u00edcn\u00e1, v\u00fdborn\u00e1 komunikace, i p\u0159es velkou vyt\u00ed\u017eenost n\u00e1m vy\u0161li vst\u0159\u00edc s term\u00ednem. Ji\u017e den po aplikaci je c\u00edtit, \u017ee se udr\u017euje v\u00edce tepla v na\u0161em dom\u011b. Mohu jen DOPORU\u010cIT\ud83d\ude09. Je\u0161t\u011b jednou d\u011bkujeme a p\u0159ejeme mnoho spokojen\u00fdch z\u00e1kazn\u00edk\u016f jako jsme my. D\u00edky<\/p> <\/div> <\/div> <\/div> <\/div> <div class=\"testimonials_svg\"><svg style=\"fill: \" width=\"100\" height=\"50\"><path d=\"M 0,-1 Q 45,5 50,50 Q 55,5 100,-1\" \/><\/svg><\/div><\/div>[\/vc_column][\/vc_row][vc_row el_disable_desktop=&#8221;1&#8243;][vc_column offset=&#8221;vc_hidden-lg vc_hidden-md&#8221;]<div class=\"preloader\"><div class=\"preloader-spin\"><\/div><\/div><div class=\"size-xlarge style1 gem-testimonials fullwidth-block\" data-autoscroll=\"10000\" style=background-color:> <div id=\"post-3577\" class=\"gem-testimonial-item post-3577 thegem_testimonial type-thegem_testimonial status-publish\"> <div class=\"gem-testimonial-wrapper \"> <div class=\"gem-testimonial-image\"> <\/div> <div class=\"gem-testimonial-content\"> <div class=\"gem-testimonial-name\" >Roman P\u00e1sek<\/div> <div class=\"gem-testimonial-company\" >Karlovy vary - Star\u00e1 Role<\/div> <div class=\"gem-testimonial-text\" > <p>Dobr\u00fd den a je\u0161t\u011b jednou d\u011bkuji panu Hurbanovi za rychlou komunikaci. Rekonstruujeme rodinn\u00e9 d\u011bdictv\u00ed a cht\u011bli jsme myslet do budoucna. Proto jsme si vybrali kluky z \u00faspory p\u011bnou, aby n\u00e1m zaizolovali st\u0159e\u0161n\u00ed konstrukci. M\u011bli to k n\u00e1m kousek a byli raz dva hotov\u00ed \ud83d\ude42<\/p> <\/div> <\/div> <\/div> <\/div> <div id=\"post-3587\" class=\"gem-testimonial-item post-3587 thegem_testimonial type-thegem_testimonial status-publish\"> <div class=\"gem-testimonial-wrapper \"> <div class=\"gem-testimonial-image\"> <\/div> <div class=\"gem-testimonial-content\"> <div class=\"gem-testimonial-name\" >Edita Zemancov\u00e1<\/div> <div class=\"gem-testimonial-company\" >Sokolov<\/div> <div class=\"gem-testimonial-text\" > <p>S prac\u00ed firmy jsem byla moc spokojen\u00e1. Dojeli v p\u0159edem smluven\u00fd \u010das a \u0161lo jim to od ruky. Hledali jsme na internetu informace ohledn\u011b v\u00fdhod st\u0159\u00edkan\u00e9 p\u011bny a pan Hurban n\u00e1m i odpov\u011bd\u011bl na v\u0161echny ot\u00e1zky. Moc je\u0161t\u011b jednou d\u011bkujeme za skv\u011blou spolupr\u00e1ci.<\/p> <\/div> <\/div> <\/div> <\/div> <div id=\"post-5925\" class=\"gem-testimonial-item post-5925 thegem_testimonial type-thegem_testimonial status-publish\"> <div class=\"gem-testimonial-wrapper \"> <div class=\"gem-testimonial-image\"> <\/div> <div class=\"gem-testimonial-content\"> <div class=\"gem-testimonial-name\" >Ji\u0159\u00ed Jel\u00ednek<\/div> <div class=\"gem-testimonial-company\" >Nov\u00e9 Sedlo<\/div> <div class=\"gem-testimonial-text\" > <p>Dobr\u00fd den cht\u011bl bych pod\u011bkovat panu \u0160rajberovi za rychlou komunikaci. V\u0161e bylo dob\u0159e odveden\u00e9 a byli jsme spokojen\u00ed.<\/p> <\/div> <\/div> <\/div> <\/div> <div id=\"post-6122\" class=\"gem-testimonial-item post-6122 thegem_testimonial type-thegem_testimonial status-publish\"> <div class=\"gem-testimonial-wrapper \"> <div class=\"gem-testimonial-image\"> <\/div> <div class=\"gem-testimonial-content\"> <div class=\"gem-testimonial-name\" >Tom\u00e1\u0161 Pokorn\u00fd<\/div> <div class=\"gem-testimonial-text\" > <p>T\u00edmto bychom cht\u011bli pod\u011bkovat firm\u011b za v\u00fdborn\u011b odvedenou pr\u00e1ci. Od zam\u011b\u0159en\u00ed a\u017e po realizaci byla firma velice vst\u0159\u00edcn\u00e1, v\u00fdborn\u00e1 komunikace, i p\u0159es velkou vyt\u00ed\u017eenost n\u00e1m vy\u0161li vst\u0159\u00edc s term\u00ednem. Ji\u017e den po aplikaci je c\u00edtit, \u017ee se udr\u017euje v\u00edce tepla v na\u0161em dom\u011b. Mohu jen DOPORU\u010cIT\ud83d\ude09. Je\u0161t\u011b jednou d\u011bkujeme a p\u0159ejeme mnoho spokojen\u00fdch z\u00e1kazn\u00edk\u016f jako jsme my. D\u00edky<\/p> <\/div> <\/div> <\/div> <\/div> <div class=\"testimonials_svg\"><svg style=\"fill: \" width=\"100\" height=\"50\"><path d=\"M 0,-1 Q 45,5 50,50 Q 55,5 100,-1\" \/><\/svg><\/div><\/div>[\/vc_column][\/vc_row][vc_row][vc_column]<div class=\"clearboth\"><\/div><style>#thegem-divider-69f27e5474a63 {margin-top: 50px !important;}<\/style><div id=\"thegem-divider-69f27e5474a63\" class=\"gem-divider  \" style=\"\" ><\/div>[\/vc_column][\/vc_row][vc_row full_width=&#8221;stretch_row&#8221; css=&#8221;.vc_custom_1605480358834{margin-top: -26px !important;margin-bottom: 0px !important;background-color: #1e2222 !important;}&#8221; el_class=&#8221;gem-custom-z-index&#8221;][vc_column offset=&#8221;vc_hidden-lg vc_hidden-md vc_hidden-sm vc_col-xs-12&#8243;][\/vc_column][vc_column css=&#8221;.vc_custom_1667261935666{padding-top: 10px !important;}&#8221; offset=&#8221;vc_col-lg-12 vc_hidden-md&#8221;]<div class=\"clearboth\"><\/div><style>#thegem-divider-69f27e5474a85 {margin-top: 30px !important;}<\/style><div id=\"thegem-divider-69f27e5474a85\" class=\"gem-divider  \" style=\"\" ><\/div>[vc_column_text]<\/p>\n<h4 style=\"text-align: center;\"><span style=\"color: #ffffff;\">Byli jste s na\u0161\u00ed prac\u00ed spokojeni?<\/span><\/h4>\n<p>[\/vc_column_text]<div class=\"clearboth\"><\/div><div id=\"thegem-divider-69f27e5474a98\" class=\"gem-divider  \" style=\"\" ><\/div>[vc_row_inner][vc_column_inner]<div class=\"clearboth\"><\/div><style>#thegem-divider-69f27e5474aa9 {margin-top: 50px !important;}<\/style><div id=\"thegem-divider-69f27e5474aa9\" class=\"gem-divider  \" style=\"\" ><\/div>[vc_column_text]<\/p>\n<p style=\"text-align: center;\"><span style=\"color: #ffffff;\">Napi\u0161te n\u00e1m Va\u0161i zku\u0161enost na email: info@uspora-penou.cz<\/span><\/p>\n<p>[\/vc_column_text]<div class=\"clearboth\"><\/div><style>#thegem-divider-69f27e5474ab6 {margin-top: 30px !important;}<\/style><div id=\"thegem-divider-69f27e5474ab6\" class=\"gem-divider  \" style=\"\" ><\/div>[\/vc_column_inner][\/vc_row_inner][\/vc_column][\/vc_row][vc_row][vc_column]<div class=\"clearboth\"><\/div><style>#thegem-divider-69f27e5474acd {margin-top: 30px !important;}<\/style><div id=\"thegem-divider-69f27e5474acd\" class=\"gem-divider  \" style=\"\" ><\/div>[\/vc_column][\/vc_row]<\/p>\n<\/div>","protected":false},"excerpt":{"rendered":"<p>[vc_row][vc_column][\/vc_column][\/vc_row][vc_row el_disable_tablet=&#8221;1&#8243; el_disable_mobile=&#8221;1&#8243;][vc_column offset=&#8221;vc_hidden-sm vc_hidden-xs&#8221;][\/vc_column][\/vc_row][vc_row el_disable_desktop=&#8221;1&#8243;][vc_column offset=&#8221;vc_hidden-lg vc_hidden-md&#8221;][\/vc_column][\/vc_row][vc_row][vc_column][\/vc_column][\/vc_row][vc_row full_width=&#8221;stretch_row&#8221; css=&#8221;.vc_custom_1605480358834{margin-top: -26px !important;margin-bottom: 0px !important;background-color: #1e2222 !important;}&#8221; el_class=&#8221;gem-custom-z-index&#8221;][vc_column offset=&#8221;vc_hidden-lg vc_hidden-md vc_hidden-sm&#8230;<\/p>\n","protected":false},"author":1,"featured_media":6460,"parent":0,"menu_order":1,"comment_status":"closed","ping_status":"closed","template":"","meta":{"footnotes":""},"class_list":["post-6560","page","type-page","status-publish","has-post-thumbnail"],"yoast_head":"<!-- This site is optimized with the Yoast SEO plugin v21.5 - https:\/\/yoast.com\/wordpress\/plugins\/seo\/ -->\n<title>Referenzen - uspora-penou.cz<\/title>\n<meta name=\"robots\" content=\"index, follow, max-snippet:-1, max-image-preview:large, max-video-preview:-1\" \/>\n<link rel=\"canonical\" href=\"https:\/\/www.uspora-penou.cz\/de\/referenzen\/\" \/>\n<meta property=\"og:locale\" content=\"de_DE\" \/>\n<meta property=\"og:type\" content=\"article\" \/>\n<meta property=\"og:title\" content=\"Referenzen - uspora-penou.cz\" \/>\n<meta property=\"og:description\" content=\"[vc_row][vc_column][\/vc_column][\/vc_row][vc_row el_disable_tablet=&#8221;1&#8243; el_disable_mobile=&#8221;1&#8243;][vc_column offset=&#8221;vc_hidden-sm vc_hidden-xs&#8221;][\/vc_column][\/vc_row][vc_row el_disable_desktop=&#8221;1&#8243;][vc_column offset=&#8221;vc_hidden-lg vc_hidden-md&#8221;][\/vc_column][\/vc_row][vc_row][vc_column][\/vc_column][\/vc_row][vc_row full_width=&#8221;stretch_row&#8221; css=&#8221;.vc_custom_1605480358834{margin-top: -26px !important;margin-bottom: 0px !important;background-color: #1e2222 !important;}&#8221; el_class=&#8221;gem-custom-z-index&#8221;][vc_column offset=&#8221;vc_hidden-lg vc_hidden-md vc_hidden-sm...\" \/>\n<meta property=\"og:url\" content=\"https:\/\/www.uspora-penou.cz\/de\/referenzen\/\" \/>\n<meta property=\"og:site_name\" content=\"uspora-penou.cz\" \/>\n<meta property=\"article:modified_time\" content=\"2022-12-08T22:31:03+00:00\" \/>\n<meta property=\"og:image\" content=\"http:\/\/www.uspora-penou.cz\/wp-content\/uploads\/2022\/10\/500.png\" \/>\n\t<meta property=\"og:image:width\" content=\"500\" \/>\n\t<meta property=\"og:image:height\" content=\"281\" \/>\n\t<meta property=\"og:image:type\" content=\"image\/png\" \/>\n<meta name=\"twitter:card\" content=\"summary_large_image\" \/>\n<script type=\"application\/ld+json\" class=\"yoast-schema-graph\">{\"@context\":\"https:\/\/schema.org\",\"@graph\":[{\"@type\":\"WebPage\",\"@id\":\"https:\/\/www.uspora-penou.cz\/de\/referenzen\/\",\"url\":\"https:\/\/www.uspora-penou.cz\/de\/referenzen\/\",\"name\":\"Referenzen - uspora-penou.cz\",\"isPartOf\":{\"@id\":\"https:\/\/www.uspora-penou.cz\/#website\"},\"datePublished\":\"2020-12-28T07:29:01+00:00\",\"dateModified\":\"2022-12-08T22:31:03+00:00\",\"breadcrumb\":{\"@id\":\"https:\/\/www.uspora-penou.cz\/de\/referenzen\/#breadcrumb\"},\"inLanguage\":\"de\",\"potentialAction\":[{\"@type\":\"ReadAction\",\"target\":[\"https:\/\/www.uspora-penou.cz\/de\/referenzen\/\"]}]},{\"@type\":\"BreadcrumbList\",\"@id\":\"https:\/\/www.uspora-penou.cz\/de\/referenzen\/#breadcrumb\",\"itemListElement\":[{\"@type\":\"ListItem\",\"position\":1,\"name\":\"Dom\u016f\",\"item\":\"https:\/\/www.uspora-penou.cz\/de\/\"},{\"@type\":\"ListItem\",\"position\":2,\"name\":\"Referenzen\"}]},{\"@type\":\"WebSite\",\"@id\":\"https:\/\/www.uspora-penou.cz\/#website\",\"url\":\"https:\/\/www.uspora-penou.cz\/\",\"name\":\"uspora-penou.cz\",\"description\":\"St\u0159\u00edkan\u00e9 PUR izolace\",\"publisher\":{\"@id\":\"https:\/\/www.uspora-penou.cz\/#organization\"},\"potentialAction\":[{\"@type\":\"SearchAction\",\"target\":{\"@type\":\"EntryPoint\",\"urlTemplate\":\"https:\/\/www.uspora-penou.cz\/?s={search_term_string}\"},\"query-input\":\"required name=search_term_string\"}],\"inLanguage\":\"de\"},{\"@type\":\"Organization\",\"@id\":\"https:\/\/www.uspora-penou.cz\/#organization\",\"name\":\"uspora-penou\",\"url\":\"https:\/\/www.uspora-penou.cz\/\",\"logo\":{\"@type\":\"ImageObject\",\"inLanguage\":\"de\",\"@id\":\"https:\/\/www.uspora-penou.cz\/#\/schema\/logo\/image\/\",\"url\":\"https:\/\/www.uspora-penou.cz\/wp-content\/uploads\/2022\/10\/500.png\",\"contentUrl\":\"https:\/\/www.uspora-penou.cz\/wp-content\/uploads\/2022\/10\/500.png\",\"width\":500,\"height\":281,\"caption\":\"uspora-penou\"},\"image\":{\"@id\":\"https:\/\/www.uspora-penou.cz\/#\/schema\/logo\/image\/\"}}]}<\/script>\n<!-- \/ Yoast SEO plugin. -->","yoast_head_json":{"title":"Referenzen - uspora-penou.cz","robots":{"index":"index","follow":"follow","max-snippet":"max-snippet:-1","max-image-preview":"max-image-preview:large","max-video-preview":"max-video-preview:-1"},"canonical":"https:\/\/www.uspora-penou.cz\/de\/referenzen\/","og_locale":"de_DE","og_type":"article","og_title":"Referenzen - uspora-penou.cz","og_description":"[vc_row][vc_column][\/vc_column][\/vc_row][vc_row el_disable_tablet=&#8221;1&#8243; el_disable_mobile=&#8221;1&#8243;][vc_column offset=&#8221;vc_hidden-sm vc_hidden-xs&#8221;][\/vc_column][\/vc_row][vc_row el_disable_desktop=&#8221;1&#8243;][vc_column offset=&#8221;vc_hidden-lg vc_hidden-md&#8221;][\/vc_column][\/vc_row][vc_row][vc_column][\/vc_column][\/vc_row][vc_row full_width=&#8221;stretch_row&#8221; css=&#8221;.vc_custom_1605480358834{margin-top: -26px !important;margin-bottom: 0px !important;background-color: #1e2222 !important;}&#8221; el_class=&#8221;gem-custom-z-index&#8221;][vc_column offset=&#8221;vc_hidden-lg vc_hidden-md vc_hidden-sm...","og_url":"https:\/\/www.uspora-penou.cz\/de\/referenzen\/","og_site_name":"uspora-penou.cz","article_modified_time":"2022-12-08T22:31:03+00:00","og_image":[{"width":500,"height":281,"url":"http:\/\/www.uspora-penou.cz\/wp-content\/uploads\/2022\/10\/500.png","type":"image\/png"}],"twitter_card":"summary_large_image","schema":{"@context":"https:\/\/schema.org","@graph":[{"@type":"WebPage","@id":"https:\/\/www.uspora-penou.cz\/de\/referenzen\/","url":"https:\/\/www.uspora-penou.cz\/de\/referenzen\/","name":"Referenzen - uspora-penou.cz","isPartOf":{"@id":"https:\/\/www.uspora-penou.cz\/#website"},"datePublished":"2020-12-28T07:29:01+00:00","dateModified":"2022-12-08T22:31:03+00:00","breadcrumb":{"@id":"https:\/\/www.uspora-penou.cz\/de\/referenzen\/#breadcrumb"},"inLanguage":"de","potentialAction":[{"@type":"ReadAction","target":["https:\/\/www.uspora-penou.cz\/de\/referenzen\/"]}]},{"@type":"BreadcrumbList","@id":"https:\/\/www.uspora-penou.cz\/de\/referenzen\/#breadcrumb","itemListElement":[{"@type":"ListItem","position":1,"name":"Dom\u016f","item":"https:\/\/www.uspora-penou.cz\/de\/"},{"@type":"ListItem","position":2,"name":"Referenzen"}]},{"@type":"WebSite","@id":"https:\/\/www.uspora-penou.cz\/#website","url":"https:\/\/www.uspora-penou.cz\/","name":"uspora-penou.cz","description":"St\u0159\u00edkan\u00e9 PUR izolace","publisher":{"@id":"https:\/\/www.uspora-penou.cz\/#organization"},"potentialAction":[{"@type":"SearchAction","target":{"@type":"EntryPoint","urlTemplate":"https:\/\/www.uspora-penou.cz\/?s={search_term_string}"},"query-input":"required name=search_term_string"}],"inLanguage":"de"},{"@type":"Organization","@id":"https:\/\/www.uspora-penou.cz\/#organization","name":"uspora-penou","url":"https:\/\/www.uspora-penou.cz\/","logo":{"@type":"ImageObject","inLanguage":"de","@id":"https:\/\/www.uspora-penou.cz\/#\/schema\/logo\/image\/","url":"https:\/\/www.uspora-penou.cz\/wp-content\/uploads\/2022\/10\/500.png","contentUrl":"https:\/\/www.uspora-penou.cz\/wp-content\/uploads\/2022\/10\/500.png","width":500,"height":281,"caption":"uspora-penou"},"image":{"@id":"https:\/\/www.uspora-penou.cz\/#\/schema\/logo\/image\/"}}]}},"_links":{"self":[{"href":"https:\/\/www.uspora-penou.cz\/de\/wp-json\/wp\/v2\/pages\/6560","targetHints":{"allow":["GET"]}}],"collection":[{"href":"https:\/\/www.uspora-penou.cz\/de\/wp-json\/wp\/v2\/pages"}],"about":[{"href":"https:\/\/www.uspora-penou.cz\/de\/wp-json\/wp\/v2\/types\/page"}],"author":[{"embeddable":true,"href":"https:\/\/www.uspora-penou.cz\/de\/wp-json\/wp\/v2\/users\/1"}],"replies":[{"embeddable":true,"href":"https:\/\/www.uspora-penou.cz\/de\/wp-json\/wp\/v2\/comments?post=6560"}],"version-history":[{"count":4,"href":"https:\/\/www.uspora-penou.cz\/de\/wp-json\/wp\/v2\/pages\/6560\/revisions"}],"predecessor-version":[{"id":6564,"href":"https:\/\/www.uspora-penou.cz\/de\/wp-json\/wp\/v2\/pages\/6560\/revisions\/6564"}],"wp:featuredmedia":[{"embeddable":true,"href":"https:\/\/www.uspora-penou.cz\/de\/wp-json\/wp\/v2\/media\/6460"}],"wp:attachment":[{"href":"https:\/\/www.uspora-penou.cz\/de\/wp-json\/wp\/v2\/media?parent=6560"}],"curies":[{"name":"wp","href":"https:\/\/api.w.org\/{rel}","templated":true}]}}